{"id":237,"date":"2026-01-29T13:54:27","date_gmt":"2026-01-29T13:54:27","guid":{"rendered":"https:\/\/coingt.codingtech.dev\/?page_id=237"},"modified":"2026-02-24T20:49:41","modified_gmt":"2026-02-24T20:49:41","slug":"adquirir-coingt","status":"publish","type":"page","link":"https:\/\/coingt.codingtech.dev\/en\/adquirir-coingt\/","title":{"rendered":"Acquire COINGT"},"content":{"rendered":"<p>[et_pb_section fb_built=\u00bb1&#8243; admin_label=\u00bbHeader\u00bb _builder_version=\u00bb4.27.5&#8243; _module_preset=\u00bbdefault\u00bb background_color=\u00bbgcid-9ae412ef-a7ae-42a5-ab5b-f691fccab059&#8243; use_background_color_gradient=\u00bbon\u00bb background_color_gradient_stops=\u00bbrgba(9,9,21,0) 0%|gcid-9ae412ef-a7ae-42a5-ab5b-f691fccab059 100%\u00bb background_color_gradient_overlays_image=\u00bbon\u00bb background_image=\u00bbhttps:\/\/coingt.codingtech.dev\/wp-content\/uploads\/2026\/02\/2.png\u00bb background_position=\u00bbtop_center\u00bb background_enable_pattern_style=\u00bbon\u00bb background_pattern_style=\u00bbscallops\u00bb background_pattern_color=\u00bbRGBA(255,255,255,0)\u00bb background_pattern_size=\u00bbcustom\u00bb background_pattern_width=\u00bb8px\u00bb hover_enabled=\u00bb0&#8243; locked=\u00bboff\u00bb collapsed=\u00bbon\u00bb global_colors_info=\u00bb{%22gcid-9ae412ef-a7ae-42a5-ab5b-f691fccab059%22:%91%22background_color%22,%22background_color_gradient_stops%22%93}\u00bb sticky_enabled=\u00bb0&#8243;][et_pb_row _builder_version=\u00bb4.19.2&#8243; _module_preset=\u00bbdefault\u00bb max_width=\u00bb700px\u00bb global_colors_info=\u00bb{}\u00bb][et_pb_column type=\u00bb4_4&#8243; _builder_version=\u00bb4.19.2&#8243; _module_preset=\u00bbdefault\u00bb global_colors_info=\u00bb{}\u00bb][et_pb_image src=\u00bbhttps:\/\/coingt.codingtech.dev\/wp-content\/uploads\/2026\/01\/financial-technology-40.png\u00bb title_text=\u00bbfinancial-technology-40&#8243; _builder_version=\u00bb4.19.2&#8243; _module_preset=\u00bbdefault\u00bb transform_translate=\u00bb-90%|0px\u00bb transform_translate_linked=\u00bboff\u00bb positioning=\u00bbabsolute\u00bb width=\u00bb90%\u00bb locked=\u00bboff\u00bb global_colors_info=\u00bb{}\u00bb][\/et_pb_image][et_pb_text _builder_version=\u00bb4.27.5&#8243; _module_preset=\u00bb_initial\u00bb header_font=\u00bbInter|700|||||||\u00bb header_text_color=\u00bb#FFFFFF\u00bb header_font_size=\u00bb72px\u00bb header_line_height=\u00bb1.2em\u00bb text_orientation=\u00bbcenter\u00bb custom_margin=\u00bb||10px||false|false\u00bb header_font_size_tablet=\u00bb40px\u00bb header_font_size_phone=\u00bb24px\u00bb header_font_size_last_edited=\u00bbon|desktop\u00bb global_colors_info=\u00bb{}\u00bb]<\/p>\n<h1>Adquiere COINGT de forma segura<\/h1>\n<p>[\/et_pb_text][et_pb_text _builder_version=\u00bb4.27.5&#8243; _module_preset=\u00bb_initial\u00bb text_text_color=\u00bb#FFFFFF\u00bb text_font_size=\u00bb16px\u00bb text_line_height=\u00bb1.8em\u00bb text_orientation=\u00bbcenter\u00bb text_font_size_tablet=\u00bb15px\u00bb text_font_size_phone=\u00bb14px\u00bb text_font_size_last_edited=\u00bbon|desktop\u00bb header_font_size_tablet=\u00bb55px\u00bb header_font_size_last_edited=\u00bboff|desktop\u00bb global_colors_info=\u00bb{}\u00bb]<\/p>\n<p>Sigue el proceso paso a paso para registrarte con un proveedor autorizado, completar tu verificaci\u00f3n (KYC) y realizar tu compra. Te acompa\u00f1amos para que el proceso sea claro, r\u00e1pido y confiable.<\/p>\n<p>[\/et_pb_text][\/et_pb_column][\/et_pb_row][et_pb_row column_structure=\u00bb1_2,1_2&#8243; _builder_version=\u00bb4.27.5&#8243; _module_preset=\u00bbdefault\u00bb max_width=\u00bb700px\u00bb locked=\u00bboff\u00bb global_colors_info=\u00bb{}\u00bb][et_pb_column type=\u00bb1_2&#8243; _builder_version=\u00bb4.19.2&#8243; _module_preset=\u00bbdefault\u00bb global_colors_info=\u00bb{}\u00bb][et_pb_pricing_tables header_background_color=\u00bbRGBA(255,255,255,0)\u00bb _builder_version=\u00bb4.27.5&#8243; _module_preset=\u00bbdefault\u00bb currency_frequency_text_color=\u00bb#000000&#8243; price_text_color=\u00bb#000000&#8243; subheader_text_color=\u00bb#FFFFFF\u00bb header_text_color=\u00bb#FFFFFF\u00bb header_font=\u00bbInter|600||on|||||\u00bb header_font_size=\u00bb12px\u00bb body_font_size=\u00bb16px\u00bb body_line_height=\u00bb1.4em\u00bb subheader_font=\u00bb||||||||\u00bb subheader_font_size=\u00bb14px\u00bb subheader_line_height=\u00bb1.6em\u00bb price_font=\u00bbInter|700|||||||\u00bb price_font_size=\u00bb32px\u00bb currency_frequency_font=\u00bbInter|700|||||||\u00bb currency_frequency_font_size=\u00bb32px\u00bb custom_button=\u00bbon\u00bb button_text_size=\u00bb16px\u00bb button_text_color=\u00bb#FFFFFF\u00bb button_bg_color=\u00bb#322BE1&#8243; button_border_width=\u00bb0px\u00bb button_border_radius=\u00bb100px\u00bb button_font=\u00bbInter|500|||||||\u00bb button_icon=\u00bb&#xf061;||fa||900&#8243; button_on_hover=\u00bboff\u00bb button_custom_padding=\u00bb12px|40px|12px|28px|true|false\u00bb text_orientation=\u00bbcenter\u00bb custom_padding=\u00bb30px||||false|false\u00bb body_font_size_tablet=\u00bb15px\u00bb body_font_size_phone=\u00bb14px\u00bb body_font_size_last_edited=\u00bbon|desktop\u00bb currency_frequency_font_size_tablet=\u00bb20px\u00bb currency_frequency_font_size_phone=\u00bb16px\u00bb currency_frequency_font_size_last_edited=\u00bbon|desktop\u00bb border_radii=\u00bbon|30px|30px|30px|30px\u00bb locked=\u00bboff\u00bb global_colors_info=\u00bb{}\u00bb][et_pb_pricing_table title=\u00bbProveedor autorizado\u00bb subtitle=\u00bbIdeal si buscas un proceso directo\u00bb sum=\u00bbTrokera\u00bb button_url=\u00bbhttps:\/\/trokera.com\/signup\u00bb url_new_window=\u00bbon\u00bb button_text=\u00bbCrear cuenta\u00bb bullet_color=\u00bb#FFFFFF\u00bb _builder_version=\u00bb4.27.5&#8243; _module_preset=\u00bbdefault\u00bb price_text_color=\u00bb#FFFFFF\u00bb header_text_color=\u00bb#FFFFFF\u00bb body_text_color=\u00bb#FFFFFF\u00bb subheader_text_color=\u00bb#FFFFFF\u00bb currency_frequency_text_color=\u00bb#FFFFFF\u00bb excluded_text_color=\u00bbrgba(255,255,255,0.5)\u00bb background_color=\u00bbRGBA(255,255,255,0)\u00bb background_enable_color=\u00bbon\u00bb global_colors_info=\u00bb{}\u00bb sticky_transition=\u00bbon\u00bb button_icon_default=\u00bb&#xf061;||fa||900&#8243;]<\/p>\n<p>+ Registro CNAD: PSAD-0036<br \/>+ Proceso de verificaci\u00f3n KYC<br \/>+ Compra con USDT, USDC, BTC o transferencia bancaria<br \/>+ Recepci\u00f3n de COINGT en tu cuenta del proveedor<\/p>\n<p>[\/et_pb_pricing_table][\/et_pb_pricing_tables][\/et_pb_column][et_pb_column type=\u00bb1_2&#8243; _builder_version=\u00bb4.19.2&#8243; _module_preset=\u00bbdefault\u00bb global_colors_info=\u00bb{}\u00bb][et_pb_pricing_tables header_background_color=\u00bbRGBA(255,255,255,0)\u00bb _builder_version=\u00bb4.27.5&#8243; _module_preset=\u00bbdefault\u00bb currency_frequency_text_color=\u00bb#000000&#8243; price_text_color=\u00bb#000000&#8243; subheader_text_color=\u00bb#FFFFFF\u00bb header_text_color=\u00bb#FFFFFF\u00bb header_font=\u00bbInter|600||on|||||\u00bb header_font_size=\u00bb12px\u00bb body_font_size=\u00bb16px\u00bb body_line_height=\u00bb1.4em\u00bb subheader_font=\u00bb||||||||\u00bb subheader_font_size=\u00bb14px\u00bb subheader_line_height=\u00bb1.6em\u00bb price_font=\u00bbInter|700|||||||\u00bb price_font_size=\u00bb32px\u00bb currency_frequency_font=\u00bbInter|700|||||||\u00bb currency_frequency_font_size=\u00bb32px\u00bb custom_button=\u00bbon\u00bb button_text_size=\u00bb16px\u00bb button_text_color=\u00bb#FFFFFF\u00bb button_bg_color=\u00bb#322BE1&#8243; button_border_width=\u00bb0px\u00bb button_border_radius=\u00bb100px\u00bb button_font=\u00bbInter|500|||||||\u00bb button_icon=\u00bb&#xf061;||fa||900&#8243; button_on_hover=\u00bboff\u00bb button_custom_padding=\u00bb12px|40px|12px|28px|true|false\u00bb text_orientation=\u00bbcenter\u00bb custom_padding=\u00bb30px||||false|false\u00bb body_font_size_tablet=\u00bb15px\u00bb body_font_size_phone=\u00bb14px\u00bb body_font_size_last_edited=\u00bbon|desktop\u00bb currency_frequency_font_size_tablet=\u00bb20px\u00bb currency_frequency_font_size_phone=\u00bb16px\u00bb currency_frequency_font_size_last_edited=\u00bbon|desktop\u00bb border_radii=\u00bbon|30px|30px|30px|30px\u00bb locked=\u00bboff\u00bb global_colors_info=\u00bb{}\u00bb][et_pb_pricing_table title=\u00bbProveedor autorizado\u00bb subtitle=\u00bbProveedor con proceso digital completo\u00bb sum=\u00bbDitobanx\u00bb button_url=\u00bbhttps:\/\/ad.ditobanx.com\/auth\/sign-in\u00bb url_new_window=\u00bbon\u00bb button_text=\u00bbCrear cuenta\u00bb bullet_color=\u00bb#FFFFFF\u00bb _builder_version=\u00bb4.27.5&#8243; _module_preset=\u00bbdefault\u00bb price_text_color=\u00bb#FFFFFF\u00bb header_text_color=\u00bb#FFFFFF\u00bb body_text_color=\u00bb#FFFFFF\u00bb subheader_text_color=\u00bb#FFFFFF\u00bb currency_frequency_text_color=\u00bb#FFFFFF\u00bb excluded_text_color=\u00bbrgba(255,255,255,0.5)\u00bb background_color=\u00bbRGBA(255,255,255,0)\u00bb background_enable_color=\u00bbon\u00bb global_colors_info=\u00bb{}\u00bb sticky_transition=\u00bbon\u00bb button_icon_default=\u00bb&#xf061;||fa||900&#8243;]<\/p>\n<p>+ Registro CNAD: PSAD-0012<br \/>+ Verificaci\u00f3n KYC obligatoria<br \/>+ Compra con cripto o transferencia bancaria<br \/>+ Confirmaci\u00f3n y entrega en tu cuenta del proveedor<\/p>\n<p>[\/et_pb_pricing_table][\/et_pb_pricing_tables][\/et_pb_column][\/et_pb_row][\/et_pb_section][et_pb_section fb_built=\u00bb1&#8243; admin_label=\u00bbFeature\u00bb _builder_version=\u00bb4.27.5&#8243; _module_preset=\u00bbdefault\u00bb background_color=\u00bbgcid-9ae412ef-a7ae-42a5-ab5b-f691fccab059&#8243; use_background_color_gradient=\u00bbon\u00bb background_color_gradient_stops=\u00bbgcid-9ae412ef-a7ae-42a5-ab5b-f691fccab059 0%|rgba(255,255,255,0) 30%|rgba(255,255,255,0) 70%|gcid-9ae412ef-a7ae-42a5-ab5b-f691fccab059 100%\u00bb background_color_gradient_overlays_image=\u00bbon\u00bb background_image=\u00bbhttps:\/\/coingt.codingtech.dev\/wp-content\/uploads\/2026\/02\/Diseno-sin-titulo-2.png\u00bb background_enable_pattern_style=\u00bbon\u00bb background_pattern_style=\u00bbscallops\u00bb background_pattern_color=\u00bbRGBA(255,255,255,0)\u00bb background_pattern_size=\u00bbcustom\u00bb background_pattern_width=\u00bb8px\u00bb hover_enabled=\u00bb0&#8243; saved_tabs=\u00bball\u00bb collapsed=\u00bbon\u00bb global_colors_info=\u00bb{%22gcid-9ae412ef-a7ae-42a5-ab5b-f691fccab059%22:%91%22background_color%22,%22background_color_gradient_stops%22,%22background_color%22,%22background_color_gradient_stops%22%93}\u00bb sticky_enabled=\u00bb0&#8243;][et_pb_row column_structure=\u00bb1_2,1_2&#8243; _builder_version=\u00bb4.19.2&#8243; _module_preset=\u00bbdefault\u00bb global_colors_info=\u00bb{}\u00bb][et_pb_column type=\u00bb1_2&#8243; _builder_version=\u00bb4.19.2&#8243; _module_preset=\u00bbdefault\u00bb custom_padding=\u00bb40px||||false|false\u00bb custom_padding_tablet=\u00bb0px||||false|false\u00bb custom_padding_phone=\u00bb0px||||false|false\u00bb custom_padding_last_edited=\u00bbon|desktop\u00bb global_colors_info=\u00bb{}\u00bb][et_pb_text _builder_version=\u00bb4.27.5&#8243; _module_preset=\u00bb_initial\u00bb header_2_font=\u00bbInter|700|||||||\u00bb header_2_text_color=\u00bb#FFFFFF\u00bb header_2_font_size=\u00bb48px\u00bb header_2_line_height=\u00bb1.4em\u00bb custom_margin=\u00bb||10px||false|false\u00bb header_2_font_size_tablet=\u00bb32px\u00bb header_2_font_size_phone=\u00bb20px\u00bb header_2_font_size_last_edited=\u00bbon|desktop\u00bb global_colors_info=\u00bb{}\u00bb]<\/p>\n<h2>\u00bfC\u00f3mo funciona el proceso de compra?<\/h2>\n<p>[\/et_pb_text][et_pb_text _builder_version=\u00bb4.27.5&#8243; _module_preset=\u00bb_initial\u00bb text_text_color=\u00bb#FFFFFF\u00bb text_font_size=\u00bb16px\u00bb text_line_height=\u00bb1.8em\u00bb text_font_size_tablet=\u00bb15px\u00bb text_font_size_phone=\u00bb14px\u00bb text_font_size_last_edited=\u00bbon|desktop\u00bb header_font_size_tablet=\u00bb55px\u00bb header_font_size_last_edited=\u00bboff|desktop\u00bb global_colors_info=\u00bb{}\u00bb]<\/p>\n<p>Adquirir COINGT es un proceso estructurado para proteger al inversionista y garantizar transparencia. Primero eliges un proveedor autorizado, luego completas tu verificaci\u00f3n de identidad (KYC) y finalmente realizas el pago con el m\u00e9todo disponible seg\u00fan el proveedor seleccionado.<\/p>\n<p>[\/et_pb_text][et_pb_button button_url=\u00bb\/download\/400\/?tmstv=1770438715&#8243; button_text=\u00bbVer el paso a paso\u00bb _builder_version=\u00bb4.27.5&#8243; _module_preset=\u00bb_initial\u00bb custom_button=\u00bbon\u00bb button_text_size=\u00bb16px\u00bb button_text_color=\u00bb#FFFFFF\u00bb button_bg_color=\u00bb#322be1&#8243; button_border_width=\u00bb0px\u00bb button_border_radius=\u00bb100px\u00bb button_font=\u00bbInter|500|||||||\u00bb button_icon=\u00bb&#xf061;||fa||900&#8243; button_on_hover=\u00bboff\u00bb custom_padding=\u00bb12px|40px|12px|28px|true|false\u00bb global_colors_info=\u00bb{}\u00bb][\/et_pb_button][\/et_pb_column][et_pb_column type=\u00bb1_2&#8243; _builder_version=\u00bb4.19.2&#8243; _module_preset=\u00bbdefault\u00bb global_colors_info=\u00bb{}\u00bb][et_pb_image src=\u00bbhttps:\/\/coingt.codingtech.dev\/wp-content\/uploads\/2026\/01\/financial-technology-55.png\u00bb title_text=\u00bbfinancial-technology-55&#8243; _builder_version=\u00bb4.19.5&#8243; _module_preset=\u00bbdefault\u00bb global_colors_info=\u00bb{}\u00bb][\/et_pb_image][\/et_pb_column][\/et_pb_row][et_pb_row column_structure=\u00bb1_2,1_2&#8243; _builder_version=\u00bb4.19.2&#8243; _module_preset=\u00bbdefault\u00bb locked=\u00bboff\u00bb global_colors_info=\u00bb{}\u00bb][et_pb_column type=\u00bb1_2&#8243; _builder_version=\u00bb4.19.2&#8243; _module_preset=\u00bbdefault\u00bb global_colors_info=\u00bb{}\u00bb][et_pb_image src=\u00bbhttps:\/\/coingt.codingtech.dev\/wp-content\/uploads\/2026\/01\/banner-coingt-8.png\u00bb title_text=\u00bbbanner coingt (8)\u00bb _builder_version=\u00bb4.27.5&#8243; _module_preset=\u00bbdefault\u00bb global_colors_info=\u00bb{}\u00bb][\/et_pb_image][\/et_pb_column][et_pb_column type=\u00bb1_2&#8243; _builder_version=\u00bb4.19.2&#8243; _module_preset=\u00bbdefault\u00bb custom_padding=\u00bb40px||||false|false\u00bb custom_padding_tablet=\u00bb0px||||false|false\u00bb custom_padding_phone=\u00bb0px||||false|false\u00bb custom_padding_last_edited=\u00bbon|desktop\u00bb global_colors_info=\u00bb{}\u00bb][et_pb_text _builder_version=\u00bb4.27.5&#8243; _module_preset=\u00bb_initial\u00bb header_2_font=\u00bbInter|700|||||||\u00bb header_2_text_color=\u00bb#FFFFFF\u00bb header_2_font_size=\u00bb48px\u00bb header_2_line_height=\u00bb1.4em\u00bb custom_margin=\u00bb||10px||false|false\u00bb header_2_font_size_tablet=\u00bb32px\u00bb header_2_font_size_phone=\u00bb20px\u00bb header_2_font_size_last_edited=\u00bbon|desktop\u00bb global_colors_info=\u00bb{}\u00bb]<\/p>\n<h2>Pago confirmado = COINGT acreditado<\/h2>\n<p>[\/et_pb_text][et_pb_text _builder_version=\u00bb4.27.5&#8243; _module_preset=\u00bb_initial\u00bb text_text_color=\u00bb#FFFFFF\u00bb text_font_size=\u00bb16px\u00bb text_line_height=\u00bb1.8em\u00bb text_font_size_tablet=\u00bb15px\u00bb text_font_size_phone=\u00bb14px\u00bb text_font_size_last_edited=\u00bbon|desktop\u00bb header_font_size_tablet=\u00bb55px\u00bb header_font_size_last_edited=\u00bboff|desktop\u00bb global_colors_info=\u00bb{}\u00bb]<\/p>\n<p>Una vez que tu pago sea confirmado por el proveedor, recibir\u00e1s COINGT directamente en tu cuenta. El tiempo de acreditaci\u00f3n puede variar seg\u00fan el m\u00e9todo de pago utilizado (cripto o transferencia bancaria).<\/p>\n<p>[\/et_pb_text][et_pb_button button_url=\u00bb\/download\/409\/?tmstv=1770438847&#8243; button_text=\u00bbDescargar DIR\u00bb _builder_version=\u00bb4.27.5&#8243; _module_preset=\u00bb_initial\u00bb custom_button=\u00bbon\u00bb button_text_size=\u00bb16px\u00bb button_text_color=\u00bb#FFFFFF\u00bb button_bg_color=\u00bb#322be1&#8243; button_border_width=\u00bb0px\u00bb button_border_radius=\u00bb100px\u00bb button_font=\u00bbInter|500|||||||\u00bb button_icon=\u00bb&#xf061;||fa||900&#8243; button_on_hover=\u00bboff\u00bb custom_padding=\u00bb12px|40px|12px|28px|true|false\u00bb global_colors_info=\u00bb{}\u00bb][\/et_pb_button][\/et_pb_column][\/et_pb_row][\/et_pb_section]<\/p>\n","protected":false},"excerpt":{"rendered":"<p>Adquiere COINGT de forma seguraSigue el proceso paso a paso para registrarte con un proveedor autorizado, completar tu verificaci\u00f3n (KYC) y realizar tu compra. Te acompa\u00f1amos para que el proceso sea claro, r\u00e1pido y confiable.+ Registro CNAD: PSAD-0036+ Proceso de verificaci\u00f3n KYC+ Compra con USDT, USDC, BTC o transferencia bancaria+ Recepci\u00f3n de COINGT en tu [&hellip;]<\/p>\n","protected":false},"author":2,"featured_media":0,"parent":0,"menu_order":0,"comment_status":"closed","ping_status":"closed","template":"","meta":{"_et_pb_use_builder":"on","_et_pb_old_content":"","_et_gb_content_width":"","footnotes":""},"class_list":["post-237","page","type-page","status-publish","hentry"],"_links":{"self":[{"href":"https:\/\/coingt.codingtech.dev\/en\/wp-json\/wp\/v2\/pages\/237","targetHints":{"allow":["GET"]}}],"collection":[{"href":"https:\/\/coingt.codingtech.dev\/en\/wp-json\/wp\/v2\/pages"}],"about":[{"href":"https:\/\/coingt.codingtech.dev\/en\/wp-json\/wp\/v2\/types\/page"}],"author":[{"embeddable":true,"href":"https:\/\/coingt.codingtech.dev\/en\/wp-json\/wp\/v2\/users\/2"}],"replies":[{"embeddable":true,"href":"https:\/\/coingt.codingtech.dev\/en\/wp-json\/wp\/v2\/comments?post=237"}],"version-history":[{"count":21,"href":"https:\/\/coingt.codingtech.dev\/en\/wp-json\/wp\/v2\/pages\/237\/revisions"}],"predecessor-version":[{"id":447,"href":"https:\/\/coingt.codingtech.dev\/en\/wp-json\/wp\/v2\/pages\/237\/revisions\/447"}],"wp:attachment":[{"href":"https:\/\/coingt.codingtech.dev\/en\/wp-json\/wp\/v2\/media?parent=237"}],"curies":[{"name":"wp","href":"https:\/\/api.w.org\/{rel}","templated":true}]}}